{"id":3447,"date":"2020-05-31T14:54:08","date_gmt":"2020-05-31T14:54:08","guid":{"rendered":"https:\/\/staging.softux.co\/privacy-policy\/"},"modified":"2020-05-31T14:54:08","modified_gmt":"2020-05-31T14:54:08","slug":"privacy-policy","status":"publish","type":"page","link":"https:\/\/staging.softux.co\/es\/privacy-policy\/","title":{"rendered":"Pol\u00edticas de Privacidad"},"content":{"rendered":"\t\t<div data-elementor-type=\"wp-page\" data-elementor-id=\"3447\" class=\"elementor elementor-3447 elementor-3\" data-elementor-post-type=\"page\">\n\t\t\t\t<div class=\"elementor-element elementor-element-94bc9c4 e-flex e-con-boxed e-con e-parent\" data-id=\"94bc9c4\" data-element_type=\"container\" data-core-v316-plus=\"true\">\n\t\t\t\t\t<div class=\"e-con-inner\">\n\t\t<div class=\"elementor-element elementor-element-dddc893 e-con-full e-flex e-con e-child\" data-id=\"dddc893\" data-element_type=\"container\">\n\t\t\t\t<div class=\"elementor-element elementor-element-de777b2 elementor-widget elementor-widget-text-editor\" data-id=\"de777b2\" data-element_type=\"widget\" data-widget_type=\"text-editor.default\">\n\t\t\t\t<div class=\"elementor-widget-container\">\n\t\t\t<style>\/*! elementor - v3.20.0 - 26-03-2024 *\/\n.elementor-widget-text-editor.elementor-drop-cap-view-stacked .elementor-drop-cap{background-color:#69727d;color:#fff}.elementor-widget-text-editor.elementor-drop-cap-view-framed .elementor-drop-cap{color:#69727d;border:3px solid;background-color:transparent}.elementor-widget-text-editor:not(.elementor-drop-cap-view-default) .elementor-drop-cap{margin-top:8px}.elementor-widget-text-editor:not(.elementor-drop-cap-view-default) .elementor-drop-cap-letter{width:1em;height:1em}.elementor-widget-text-editor .elementor-drop-cap{float:left;text-align:center;line-height:1;font-size:50px}.elementor-widget-text-editor .elementor-drop-cap-letter{display:inline-block}<\/style>\t\t\t\t<h1>Compromiso Softux con tu Privacidad<\/h1><p>Nuestra direcci\u00f3n web es: https:\/\/staging.softux.co.<\/p><h2>Protegemos tus Datos Personales<\/h2><h3>Comentarios y Participaci\u00f3n<\/h3><p>Recopilamos datos en comentarios para mejorar tu experiencia y combatir el spam. Tu imagen de perfil, si usas Gravatar, se har\u00e1 visible en tus comentarios.<\/p><h3>Medios y Contenido<\/h3><p>Evita subir im\u00e1genes con datos de ubicaci\u00f3n (EXIF GPS) para proteger tu privacidad.<\/p><h3>Formularios de Contacto y Cookies<\/h3><p>Si comentas en nuestro sitio, tus datos se guardar\u00e1n en cookies para tu comodidad. Las cookies son gestionadas con cuidado para proteger tu informaci\u00f3n.<\/p><h3>Contenido de Otros Sitios<\/h3><p>El contenido incrustado de otros sitios web sigue las mismas pol\u00edticas de privacidad como si visitaras directamente esos sitios.<\/p><h3>An\u00e1lisis y Mejora Continua<\/h3><p>Utilizamos herramientas de an\u00e1lisis para mejorar constantemente tu experiencia en nuestro sitio web, garantizando la relevancia y eficacia de nuestros servicios.<\/p><h3>Respetamos tu Informaci\u00f3n<\/h3><p>Tu informaci\u00f3n personal es confidencial. Solo compartimos datos necesarios para ofrecer nuestros servicios o por requerimientos legales.<\/p><h3>Conservaci\u00f3n de Datos<\/h3><p>Guardamos tus datos solo el tiempo necesario para brindarte nuestros servicios. Puedes solicitar la eliminaci\u00f3n de tus datos en cualquier momento.<\/p><h3>Protecci\u00f3n de Datos<\/h3><p>Tus comentarios pueden ser revisados para evitar spam. Algunos datos pueden ser compartidos con servicios externos para mejorar nuestras ofertas.<\/p><h3>Tus Derechos<\/h3><p>Puedes acceder, corregir o eliminar tus datos personales en cualquier momento, contact\u00e1ndonos en privacy@staging.softux.co.<\/p><h3>Estamos Aqu\u00ed para Ti<\/h3><p>Para cualquier consulta sobre privacidad, escr\u00edbenos a notificaciones@staging.softux.co. En Softux, tu privacidad es nuestra\u00a0prioridad.<\/p>\t\t\t\t\t\t<\/div>\n\t\t\t\t<\/div>\n\t\t\t\t<\/div>\n\t\t\t\t\t<\/div>\n\t\t\t\t<\/div>\n\t\t\t\t<\/div>\n\t\t","protected":false},"excerpt":{"rendered":"<p>Compromiso Softux con tu Privacidad Nuestra direcci\u00f3n web es: https:\/\/staging.softux.co. Protegemos tus Datos Personales Comentarios y Participaci\u00f3n Recopilamos datos en comentarios para mejorar tu experiencia y combatir el spam. Tu imagen de perfil, si usas Gravatar, se har\u00e1 visible en tus comentarios. Medios y Contenido Evita subir im\u00e1genes con datos de ubicaci\u00f3n (EXIF GPS) para [&hellip;]<\/p>\n","protected":false},"author":1,"featured_media":0,"parent":0,"menu_order":0,"comment_status":"closed","ping_status":"open","template":"","meta":{"footnotes":""},"yoast_head":"<!-- This site is optimized with the Yoast SEO plugin v22.3 - https:\/\/yoast.com\/wordpress\/plugins\/seo\/ -->\n<title>Pol\u00edticas de Privacidad - Softux<\/title>\n<meta name=\"robots\" content=\"noindex, follow, max-snippet:-1, max-image-preview:large, max-video-preview:-1\" \/>\n<meta property=\"og:locale\" content=\"es_ES\" \/>\n<meta property=\"og:type\" content=\"article\" \/>\n<meta property=\"og:title\" content=\"Pol\u00edticas de Privacidad - Softux\" \/>\n<meta property=\"og:description\" content=\"Compromiso Softux con tu Privacidad Nuestra direcci\u00f3n web es: https:\/\/staging.softux.co. Protegemos tus Datos Personales Comentarios y Participaci\u00f3n Recopilamos datos en comentarios para mejorar tu experiencia y combatir el spam. Tu imagen de perfil, si usas Gravatar, se har\u00e1 visible en tus comentarios. Medios y Contenido Evita subir im\u00e1genes con datos de ubicaci\u00f3n (EXIF GPS) para [&hellip;]\" \/>\n<meta property=\"og:url\" content=\"https:\/\/staging.softux.co\/es\/privacy-policy\/\" \/>\n<meta property=\"og:site_name\" content=\"Softux\" \/>\n<meta name=\"twitter:card\" content=\"summary_large_image\" \/>\n<meta name=\"twitter:label1\" content=\"Tiempo de lectura\" \/>\n\t<meta name=\"twitter:data1\" content=\"1 minuto\" \/>\n<script type=\"application\/ld+json\" class=\"yoast-schema-graph\">{\"@context\":\"https:\/\/schema.org\",\"@graph\":[{\"@type\":\"WebPage\",\"@id\":\"https:\/\/staging.softux.co\/es\/privacy-policy\/\",\"url\":\"https:\/\/staging.softux.co\/es\/privacy-policy\/\",\"name\":\"Pol\u00edticas de Privacidad - Softux\",\"isPartOf\":{\"@id\":\"https:\/\/staging.softux.co\/es\/#website\"},\"datePublished\":\"2020-05-31T14:54:08+00:00\",\"dateModified\":\"2020-05-31T14:54:08+00:00\",\"breadcrumb\":{\"@id\":\"https:\/\/staging.softux.co\/es\/privacy-policy\/#breadcrumb\"},\"inLanguage\":\"es\",\"potentialAction\":[{\"@type\":\"ReadAction\",\"target\":[\"https:\/\/staging.softux.co\/es\/privacy-policy\/\"]}]},{\"@type\":\"BreadcrumbList\",\"@id\":\"https:\/\/staging.softux.co\/es\/privacy-policy\/#breadcrumb\",\"itemListElement\":[{\"@type\":\"ListItem\",\"position\":1,\"name\":\"Portada\",\"item\":\"https:\/\/staging.softux.co\/es\/home\/\"},{\"@type\":\"ListItem\",\"position\":2,\"name\":\"Pol\u00edticas de Privacidad\"}]},{\"@type\":\"WebSite\",\"@id\":\"https:\/\/staging.softux.co\/es\/#website\",\"url\":\"https:\/\/staging.softux.co\/es\/\",\"name\":\"softux.co\",\"description\":\"Conectamos marcas con clientes\",\"publisher\":{\"@id\":\"https:\/\/staging.softux.co\/es\/#organization\"},\"potentialAction\":[{\"@type\":\"SearchAction\",\"target\":{\"@type\":\"EntryPoint\",\"urlTemplate\":\"https:\/\/staging.softux.co\/es\/?s={search_term_string}\"},\"query-input\":\"required name=search_term_string\"}],\"inLanguage\":\"es\"},{\"@type\":\"Organization\",\"@id\":\"https:\/\/staging.softux.co\/es\/#organization\",\"name\":\"softux.co\",\"url\":\"https:\/\/staging.softux.co\/es\/\",\"logo\":{\"@type\":\"ImageObject\",\"inLanguage\":\"es\",\"@id\":\"https:\/\/staging.softux.co\/es\/#\/schema\/logo\/image\/\",\"url\":\"https:\/\/staging.softux.co\/wp-content\/uploads\/2023\/02\/logo-softux.png\",\"contentUrl\":\"https:\/\/staging.softux.co\/wp-content\/uploads\/2023\/02\/logo-softux.png\",\"width\":648,\"height\":260,\"caption\":\"softux.co\"},\"image\":{\"@id\":\"https:\/\/staging.softux.co\/es\/#\/schema\/logo\/image\/\"},\"sameAs\":[\"https:\/\/www.instagram.com\/softux.co\/\",\"https:\/\/www.linkedin.com\/company\/softux\/\"]}]}<\/script>\n<!-- \/ Yoast SEO plugin. -->","yoast_head_json":{"title":"Pol\u00edticas de Privacidad - Softux","robots":{"index":"noindex","follow":"follow","max-snippet":"max-snippet:-1","max-image-preview":"max-image-preview:large","max-video-preview":"max-video-preview:-1"},"og_locale":"es_ES","og_type":"article","og_title":"Pol\u00edticas de Privacidad - Softux","og_description":"Compromiso Softux con tu Privacidad Nuestra direcci\u00f3n web es: https:\/\/staging.softux.co. Protegemos tus Datos Personales Comentarios y Participaci\u00f3n Recopilamos datos en comentarios para mejorar tu experiencia y combatir el spam. Tu imagen de perfil, si usas Gravatar, se har\u00e1 visible en tus comentarios. Medios y Contenido Evita subir im\u00e1genes con datos de ubicaci\u00f3n (EXIF GPS) para [&hellip;]","og_url":"https:\/\/staging.softux.co\/es\/privacy-policy\/","og_site_name":"Softux","twitter_card":"summary_large_image","twitter_misc":{"Tiempo de lectura":"1 minuto"},"schema":{"@context":"https:\/\/schema.org","@graph":[{"@type":"WebPage","@id":"https:\/\/staging.softux.co\/es\/privacy-policy\/","url":"https:\/\/staging.softux.co\/es\/privacy-policy\/","name":"Pol\u00edticas de Privacidad - Softux","isPartOf":{"@id":"https:\/\/staging.softux.co\/es\/#website"},"datePublished":"2020-05-31T14:54:08+00:00","dateModified":"2020-05-31T14:54:08+00:00","breadcrumb":{"@id":"https:\/\/staging.softux.co\/es\/privacy-policy\/#breadcrumb"},"inLanguage":"es","potentialAction":[{"@type":"ReadAction","target":["https:\/\/staging.softux.co\/es\/privacy-policy\/"]}]},{"@type":"BreadcrumbList","@id":"https:\/\/staging.softux.co\/es\/privacy-policy\/#breadcrumb","itemListElement":[{"@type":"ListItem","position":1,"name":"Portada","item":"https:\/\/staging.softux.co\/es\/home\/"},{"@type":"ListItem","position":2,"name":"Pol\u00edticas de Privacidad"}]},{"@type":"WebSite","@id":"https:\/\/staging.softux.co\/es\/#website","url":"https:\/\/staging.softux.co\/es\/","name":"softux.co","description":"Conectamos marcas con clientes","publisher":{"@id":"https:\/\/staging.softux.co\/es\/#organization"},"potentialAction":[{"@type":"SearchAction","target":{"@type":"EntryPoint","urlTemplate":"https:\/\/staging.softux.co\/es\/?s={search_term_string}"},"query-input":"required name=search_term_string"}],"inLanguage":"es"},{"@type":"Organization","@id":"https:\/\/staging.softux.co\/es\/#organization","name":"softux.co","url":"https:\/\/staging.softux.co\/es\/","logo":{"@type":"ImageObject","inLanguage":"es","@id":"https:\/\/staging.softux.co\/es\/#\/schema\/logo\/image\/","url":"https:\/\/staging.softux.co\/wp-content\/uploads\/2023\/02\/logo-softux.png","contentUrl":"https:\/\/staging.softux.co\/wp-content\/uploads\/2023\/02\/logo-softux.png","width":648,"height":260,"caption":"softux.co"},"image":{"@id":"https:\/\/staging.softux.co\/es\/#\/schema\/logo\/image\/"},"sameAs":["https:\/\/www.instagram.com\/softux.co\/","https:\/\/www.linkedin.com\/company\/softux\/"]}]}},"_links":{"self":[{"href":"https:\/\/staging.softux.co\/es\/wp-json\/wp\/v2\/pages\/3447"}],"collection":[{"href":"https:\/\/staging.softux.co\/es\/wp-json\/wp\/v2\/pages"}],"about":[{"href":"https:\/\/staging.softux.co\/es\/wp-json\/wp\/v2\/types\/page"}],"author":[{"embeddable":true,"href":"https:\/\/staging.softux.co\/es\/wp-json\/wp\/v2\/users\/1"}],"replies":[{"embeddable":true,"href":"https:\/\/staging.softux.co\/es\/wp-json\/wp\/v2\/comments?post=3447"}],"version-history":[{"count":0,"href":"https:\/\/staging.softux.co\/es\/wp-json\/wp\/v2\/pages\/3447\/revisions"}],"wp:attachment":[{"href":"https:\/\/staging.softux.co\/es\/wp-json\/wp\/v2\/media?parent=3447"}],"curies":[{"name":"wp","href":"https:\/\/api.w.org\/{rel}","templated":true}]}}